{"id":16555,"date":"2024-02-16T08:46:31","date_gmt":"2024-02-16T07:46:31","guid":{"rendered":"https:\/\/www.capacityzurich.ch\/als-volunteer-helfen_de\/"},"modified":"2025-12-16T10:05:05","modified_gmt":"2025-12-16T09:05:05","slug":"als-volunteer-helfen_de","status":"publish","type":"page","link":"https:\/\/www.capacity.swiss\/de\/als-volunteer-helfen_de\/","title":{"rendered":"Als Volunteer helfen"},"content":{"rendered":"\t\t<div data-elementor-type=\"wp-page\" data-elementor-id=\"16555\" class=\"elementor elementor-16555 elementor-10422\" data-elementor-post-type=\"page\">\n\t\t\t\t<div class=\"elementor-element elementor-element-9a2d470 e-con-full e-flex e-con e-parent\" data-id=\"9a2d470\" data-element_type=\"container\" data-e-type=\"container\" data-settings=\"{&quot;background_background&quot;:&quot;classic&quot;}\">\n\t\t\t\t<div class=\"elementor-element elementor-element-5e16e0b elementor-mobile-align-right elementor-align-right elementor-widget__width-initial elementor-widget elementor-widget-button\" data-id=\"5e16e0b\" data-element_type=\"widget\" data-e-type=\"widget\" data-widget_type=\"button.default\">\n\t\t\t\t<div class=\"elementor-widget-container\">\n\t\t\t\t\t\t\t\t\t<div class=\"elementor-button-wrapper\">\n\t\t\t\t\t<a class=\"elementor-button elementor-button-link elementor-size-sm\" href=\"https:\/\/apply.workable.com\/capacity-ch\/j\/FBDD30D95C\/\">\n\t\t\t\t\t\t<span class=\"elementor-button-content-wrapper\">\n\t\t\t\t\t\t<span class=\"elementor-button-icon\">\n\t\t\t\t<svg aria-hidden=\"true\" class=\"e-font-icon-svg e-far-arrow-alt-circle-right\" viewBox=\"0 0 512 512\" xmlns=\"http:\/\/www.w3.org\/2000\/svg\"><path d=\"M504 256C504 119 393 8 256 8S8 119 8 256s111 248 248 248 248-111 248-248zm-448 0c0-110.5 89.5-200 200-200s200 89.5 200 200-89.5 200-200 200S56 366.5 56 256zm72 20v-40c0-6.6 5.4-12 12-12h116v-67c0-10.7 12.9-16 20.5-8.5l99 99c4.7 4.7 4.7 12.3 0 17l-99 99c-7.6 7.6-20.5 2.2-20.5-8.5v-67H140c-6.6 0-12-5.4-12-12z\"><\/path><\/svg>\t\t\t<\/span>\n\t\t\t\t\t\t\t\t\t<span class=\"elementor-button-text\">Jetzt dein Interesse anmelden<\/span>\n\t\t\t\t\t<\/span>\n\t\t\t\t\t<\/a>\n\t\t\t\t<\/div>\n\t\t\t\t\t\t\t\t<\/div>\n\t\t\t\t<\/div>\n\t\t\t\t<\/div>\n\t\t<div class=\"elementor-element elementor-element-00ae785 e-flex e-con-boxed e-con e-parent\" data-id=\"00ae785\" data-element_type=\"container\" data-e-type=\"container\">\n\t\t\t\t\t<div class=\"e-con-inner\">\n\t\t<div class=\"elementor-element elementor-element-dcfaade e-con-full e-flex e-con e-child\" data-id=\"dcfaade\" data-element_type=\"container\" data-e-type=\"container\">\n\t\t\t\t<div class=\"elementor-element elementor-element-047d9b9 elementor-widget__width-initial elementor-widget elementor-widget-heading\" data-id=\"047d9b9\" data-element_type=\"widget\" data-e-type=\"widget\" data-widget_type=\"heading.default\">\n\t\t\t\t<div class=\"elementor-widget-container\">\n\t\t\t\t\t<h3 class=\"elementor-heading-title elementor-size-default\">Bringe dein Talent und deine Erfahrung ehrenamtlich f\u00fcr unsere Community ein<\/h3>\t\t\t\t<\/div>\n\t\t\t\t<\/div>\n\t\t\t\t<\/div>\n\t\t<div class=\"elementor-element elementor-element-9e24208 e-con-full e-flex e-con e-child\" data-id=\"9e24208\" data-element_type=\"container\" data-e-type=\"container\">\n\t\t\t\t<div class=\"elementor-element elementor-element-9cccb35 elementor-widget__width-initial elementor-widget elementor-widget-text-editor\" data-id=\"9cccb35\" data-element_type=\"widget\" data-e-type=\"widget\" data-widget_type=\"text-editor.default\">\n\t\t\t\t<div class=\"elementor-widget-container\">\n\t\t\t\t\t\t\t\t\t<p>Wir sind ein kleines Team ohne Hierarchien, das immer wieder helfende H\u00e4nde und mitdenkende K\u00f6pfe ben\u00f6tigt. <strong>Idealerweise<\/strong> <strong>unterst\u00fctzt du<\/strong> <strong>uns \u00fcber einen Zeitraum von mindestens 6 Monaten rund 4 Stunden in der Woche.<\/strong><\/p>\n<p>Gefragte F\u00e4higkeiten bei Capacity sind: Organisationstalent und Muttersprachler:innen Englisch mit guten Deutschkenntnissen. Beispiele f\u00fcr ehrenamtliches Engagement findest du auf dieser Seite.<\/p>\n\t\t\t\t\t\t\t\t<\/div>\n\t\t\t\t<\/div>\n\t\t\t\t<\/div>\n\t\t\t\t\t<\/div>\n\t\t\t\t<\/div>\n\t\t<div class=\"elementor-element elementor-element-027d096 e-flex e-con-boxed e-con e-parent\" data-id=\"027d096\" data-element_type=\"container\" data-e-type=\"container\">\n\t\t\t\t\t<div class=\"e-con-inner\">\n\t\t<div class=\"elementor-element elementor-element-d729132 e-flex e-con-boxed e-con e-child\" data-id=\"d729132\" data-element_type=\"container\" data-e-type=\"container\">\n\t\t\t\t\t<div class=\"e-con-inner\">\n\t\t<div class=\"elementor-element elementor-element-c21b7b2 e-flex e-con-boxed e-con e-child\" data-id=\"c21b7b2\" data-element_type=\"container\" data-e-type=\"container\">\n\t\t\t\t\t<div class=\"e-con-inner\">\n\t\t\t\t<div class=\"elementor-element elementor-element-ff23874 elementor-widget elementor-widget-spacer\" data-id=\"ff23874\" data-element_type=\"widget\" data-e-type=\"widget\" data-widget_type=\"spacer.default\">\n\t\t\t\t<div class=\"elementor-widget-container\">\n\t\t\t\t\t\t\t<div class=\"elementor-spacer\">\n\t\t\t<div class=\"elementor-spacer-inner\"><\/div>\n\t\t<\/div>\n\t\t\t\t\t\t<\/div>\n\t\t\t\t<\/div>\n\t\t\t\t\t<\/div>\n\t\t\t\t<\/div>\n\t\t<div class=\"elementor-element elementor-element-43dac10 e-flex e-con-boxed e-con e-child\" data-id=\"43dac10\" data-element_type=\"container\" data-e-type=\"container\">\n\t\t\t\t\t<div class=\"e-con-inner\">\n\t\t\t\t<div class=\"elementor-element elementor-element-da58e09 elementor-widget elementor-widget-text-editor\" data-id=\"da58e09\" data-element_type=\"widget\" data-e-type=\"widget\" data-widget_type=\"text-editor.default\">\n\t\t\t\t<div class=\"elementor-widget-container\">\n\t\t\t\t\t\t\t\t\t<p><strong>Digitale Kommunikation<\/strong><\/p>\t\t\t\t\t\t\t\t<\/div>\n\t\t\t\t<\/div>\n\t\t\t\t<div class=\"elementor-element elementor-element-ae4b41c elementor-widget elementor-widget-text-editor\" data-id=\"ae4b41c\" data-element_type=\"widget\" data-e-type=\"widget\" data-widget_type=\"text-editor.default\">\n\t\t\t\t<div class=\"elementor-widget-container\">\n\t\t\t\t\t\t\t\t\t<p style=\"text-align: center;\">Du kannst dir vorstellen, auf unseren Events dabei zu sein und diese in Bild und Video festzuhalten? Das Material stellst du dem Team zur Verf\u00fcgung und\/oder entwirfst Beitr\u00e4ge f\u00fcrs Web\/Social Media.<\/p>\n\t\t\t\t\t\t\t\t<\/div>\n\t\t\t\t<\/div>\n\t\t\t\t\t<\/div>\n\t\t\t\t<\/div>\n\t\t\t\t\t<\/div>\n\t\t\t\t<\/div>\n\t\t<div class=\"elementor-element elementor-element-d694c1d e-flex e-con-boxed e-con e-child\" data-id=\"d694c1d\" data-element_type=\"container\" data-e-type=\"container\">\n\t\t\t\t\t<div class=\"e-con-inner\">\n\t\t<div class=\"elementor-element elementor-element-6a838e5 e-flex e-con-boxed e-con e-child\" data-id=\"6a838e5\" data-element_type=\"container\" data-e-type=\"container\">\n\t\t\t\t\t<div class=\"e-con-inner\">\n\t\t\t\t<div class=\"elementor-element elementor-element-ccdfcee elementor-widget elementor-widget-spacer\" data-id=\"ccdfcee\" data-element_type=\"widget\" data-e-type=\"widget\" data-widget_type=\"spacer.default\">\n\t\t\t\t<div class=\"elementor-widget-container\">\n\t\t\t\t\t\t\t<div class=\"elementor-spacer\">\n\t\t\t<div class=\"elementor-spacer-inner\"><\/div>\n\t\t<\/div>\n\t\t\t\t\t\t<\/div>\n\t\t\t\t<\/div>\n\t\t\t\t\t<\/div>\n\t\t\t\t<\/div>\n\t\t<div class=\"elementor-element elementor-element-3a96cd3 e-flex e-con-boxed e-con e-child\" data-id=\"3a96cd3\" data-element_type=\"container\" data-e-type=\"container\">\n\t\t\t\t\t<div class=\"e-con-inner\">\n\t\t\t\t<div class=\"elementor-element elementor-element-eb1b9c3 elementor-widget elementor-widget-text-editor\" data-id=\"eb1b9c3\" data-element_type=\"widget\" data-e-type=\"widget\" data-widget_type=\"text-editor.default\">\n\t\t\t\t<div class=\"elementor-widget-container\">\n\t\t\t\t\t\t\t\t\t<p><strong>Projekt-Support<\/strong><\/p>\t\t\t\t\t\t\t\t<\/div>\n\t\t\t\t<\/div>\n\t\t\t\t<div class=\"elementor-element elementor-element-2e0c0ff elementor-widget elementor-widget-text-editor\" data-id=\"2e0c0ff\" data-element_type=\"widget\" data-e-type=\"widget\" data-widget_type=\"text-editor.default\">\n\t\t\t\t<div class=\"elementor-widget-container\">\n\t\t\t\t\t\t\t\t\t<p style=\"text-align: center;\"><span class=\"OYPEnA text-decoration-none text-strikethrough-none\">Du m\u00f6chtest dein Know-how in einem sinnstiftenden Umfeld einbringen? Dein fachlicher Rat ist ebenso gefragt wie z.B. \u00dcbersetzungen DE-EN oder die Bewirtschaftung unserer Datenbank.<\/span><\/p>\n\t\t\t\t\t\t\t\t<\/div>\n\t\t\t\t<\/div>\n\t\t\t\t\t<\/div>\n\t\t\t\t<\/div>\n\t\t\t\t\t<\/div>\n\t\t\t\t<\/div>\n\t\t<div class=\"elementor-element elementor-element-33ce270 e-flex e-con-boxed e-con e-child\" data-id=\"33ce270\" data-element_type=\"container\" data-e-type=\"container\">\n\t\t\t\t\t<div class=\"e-con-inner\">\n\t\t<div class=\"elementor-element elementor-element-50a7552 e-flex e-con-boxed e-con e-child\" data-id=\"50a7552\" data-element_type=\"container\" data-e-type=\"container\">\n\t\t\t\t\t<div class=\"e-con-inner\">\n\t\t\t\t<div class=\"elementor-element elementor-element-829821c elementor-widget elementor-widget-spacer\" data-id=\"829821c\" data-element_type=\"widget\" data-e-type=\"widget\" data-widget_type=\"spacer.default\">\n\t\t\t\t<div class=\"elementor-widget-container\">\n\t\t\t\t\t\t\t<div class=\"elementor-spacer\">\n\t\t\t<div class=\"elementor-spacer-inner\"><\/div>\n\t\t<\/div>\n\t\t\t\t\t\t<\/div>\n\t\t\t\t<\/div>\n\t\t\t\t\t<\/div>\n\t\t\t\t<\/div>\n\t\t<div class=\"elementor-element elementor-element-817962a e-flex e-con-boxed e-con e-child\" data-id=\"817962a\" data-element_type=\"container\" data-e-type=\"container\">\n\t\t\t\t\t<div class=\"e-con-inner\">\n\t\t\t\t<div class=\"elementor-element elementor-element-59405eb elementor-widget elementor-widget-text-editor\" data-id=\"59405eb\" data-element_type=\"widget\" data-e-type=\"widget\" data-widget_type=\"text-editor.default\">\n\t\t\t\t<div class=\"elementor-widget-container\">\n\t\t\t\t\t\t\t\t\t<p><strong>Event-Support<\/strong><\/p>\t\t\t\t\t\t\t\t<\/div>\n\t\t\t\t<\/div>\n\t\t\t\t<div class=\"elementor-element elementor-element-a32b7ef elementor-widget elementor-widget-text-editor\" data-id=\"a32b7ef\" data-element_type=\"widget\" data-e-type=\"widget\" data-widget_type=\"text-editor.default\">\n\t\t\t\t<div class=\"elementor-widget-container\">\n\t\t\t\t\t\t\t\t\t<p style=\"text-align: center;\">Du hast eine Hands-on-Mentalit\u00e4t? F\u00fcr die Planung und Durchf\u00fchrung von Events brauchen wir immer helfende H\u00e4nde. Eins\u00e4tze dieser Art sind zeitlich gut planbar und begrenzt auf wenige Stunden.<\/p>\n\t\t\t\t\t\t\t\t<\/div>\n\t\t\t\t<\/div>\n\t\t\t\t\t<\/div>\n\t\t\t\t<\/div>\n\t\t\t\t\t<\/div>\n\t\t\t\t<\/div>\n\t\t\t\t\t<\/div>\n\t\t\t\t<\/div>\n\t\t<div class=\"elementor-element elementor-element-3863673 e-flex e-con-boxed e-con e-parent\" data-id=\"3863673\" data-element_type=\"container\" data-e-type=\"container\">\n\t\t\t\t\t<div class=\"e-con-inner\">\n\t\t\t\t<div class=\"elementor-element elementor-element-0e27564 elementor-mobile-align-right elementor-align-center elementor-widget__width-initial elementor-widget elementor-widget-button\" data-id=\"0e27564\" data-element_type=\"widget\" data-e-type=\"widget\" data-widget_type=\"button.default\">\n\t\t\t\t<div class=\"elementor-widget-container\">\n\t\t\t\t\t\t\t\t\t<div class=\"elementor-button-wrapper\">\n\t\t\t\t\t<a class=\"elementor-button elementor-button-link elementor-size-sm\" href=\"https:\/\/apply.workable.com\/capacity-ch\/j\/FBDD30D95C\/\">\n\t\t\t\t\t\t<span class=\"elementor-button-content-wrapper\">\n\t\t\t\t\t\t<span class=\"elementor-button-icon\">\n\t\t\t\t<svg aria-hidden=\"true\" class=\"e-font-icon-svg e-far-arrow-alt-circle-right\" viewBox=\"0 0 512 512\" xmlns=\"http:\/\/www.w3.org\/2000\/svg\"><path d=\"M504 256C504 119 393 8 256 8S8 119 8 256s111 248 248 248 248-111 248-248zm-448 0c0-110.5 89.5-200 200-200s200 89.5 200 200-89.5 200-200 200S56 366.5 56 256zm72 20v-40c0-6.6 5.4-12 12-12h116v-67c0-10.7 12.9-16 20.5-8.5l99 99c4.7 4.7 4.7 12.3 0 17l-99 99c-7.6 7.6-20.5 2.2-20.5-8.5v-67H140c-6.6 0-12-5.4-12-12z\"><\/path><\/svg>\t\t\t<\/span>\n\t\t\t\t\t\t\t\t\t<span class=\"elementor-button-text\">Jetzt dein Interesse anmelden<\/span>\n\t\t\t\t\t<\/span>\n\t\t\t\t\t<\/a>\n\t\t\t\t<\/div>\n\t\t\t\t\t\t\t\t<\/div>\n\t\t\t\t<\/div>\n\t\t\t\t\t<\/div>\n\t\t\t\t<\/div>\n\t\t<div class=\"elementor-element elementor-element-b409577 e-flex e-con-boxed e-con e-parent\" data-id=\"b409577\" data-element_type=\"container\" data-e-type=\"container\" data-settings=\"{&quot;background_background&quot;:&quot;classic&quot;}\">\n\t\t\t\t\t<div class=\"e-con-inner\">\n\t\t\t\t<div class=\"elementor-element elementor-element-5ebffa9 elementor-widget elementor-widget-image\" data-id=\"5ebffa9\" data-element_type=\"widget\" data-e-type=\"widget\" data-widget_type=\"image.default\">\n\t\t\t\t<div class=\"elementor-widget-container\">\n\t\t\t\t\t\t\t\t\t\t\t\t\t\t\t<img fetchpriority=\"high\" decoding=\"async\" width=\"1024\" height=\"474\" src=\"https:\/\/www.capacity.swiss\/wp-content\/uploads\/2024\/03\/Capacity_Freiwillige_Danke-1024x474.jpeg\" class=\"attachment-large size-large wp-image-13053\" alt=\"\" srcset=\"https:\/\/www.capacity.swiss\/wp-content\/uploads\/2024\/03\/Capacity_Freiwillige_Danke-1024x474.jpeg 1024w, https:\/\/www.capacity.swiss\/wp-content\/uploads\/2024\/03\/Capacity_Freiwillige_Danke-300x139.jpeg 300w, https:\/\/www.capacity.swiss\/wp-content\/uploads\/2024\/03\/Capacity_Freiwillige_Danke-768x356.jpeg 768w, https:\/\/www.capacity.swiss\/wp-content\/uploads\/2024\/03\/Capacity_Freiwillige_Danke-1536x712.jpeg 1536w, https:\/\/www.capacity.swiss\/wp-content\/uploads\/2024\/03\/Capacity_Freiwillige_Danke.jpeg 1755w\" sizes=\"(max-width: 1024px) 100vw, 1024px\" \/>\t\t\t\t\t\t\t\t\t\t\t\t\t\t\t<\/div>\n\t\t\t\t<\/div>\n\t\t\t\t\t<\/div>\n\t\t\t\t<\/div>\n\t\t<div class=\"elementor-element elementor-element-ef31334 e-flex e-con-boxed e-con e-parent\" data-id=\"ef31334\" data-element_type=\"container\" data-e-type=\"container\">\n\t\t\t\t\t<div class=\"e-con-inner\">\n\t\t<div class=\"elementor-element elementor-element-c3cd2ef e-con-full e-flex e-con e-child\" data-id=\"c3cd2ef\" data-element_type=\"container\" data-e-type=\"container\">\n\t\t\t\t<div class=\"elementor-element elementor-element-1393b07 elementor-widget__width-initial elementor-widget elementor-widget-heading\" data-id=\"1393b07\" data-element_type=\"widget\" data-e-type=\"widget\" data-widget_type=\"heading.default\">\n\t\t\t\t<div class=\"elementor-widget-container\">\n\t\t\t\t\t<h3 class=\"elementor-heading-title elementor-size-default\">Corporate Volunteering-Programm<\/h3>\t\t\t\t<\/div>\n\t\t\t\t<\/div>\n\t\t\t\t<div class=\"elementor-element elementor-element-66f1662 elementor-widget__width-initial elementor-widget elementor-widget-text-editor\" data-id=\"66f1662\" data-element_type=\"widget\" data-e-type=\"widget\" data-widget_type=\"text-editor.default\">\n\t\t\t\t<div class=\"elementor-widget-container\">\n\t\t\t\t\t\t\t\t\t<ul><li>Freiwilligenarbeit im Rahmen von <a href=\"https:\/\/www.capacity.swiss\/de\/als-unternehmen-unterstuetzen\/\" target=\"_blank\" rel=\"noopener\">Unternehmenspartnerschaften<\/a><\/li><\/ul>\t\t\t\t\t\t\t\t<\/div>\n\t\t\t\t<\/div>\n\t\t\t\t<\/div>\n\t\t<div class=\"elementor-element elementor-element-181c379 e-con-full e-flex e-con e-child\" data-id=\"181c379\" data-element_type=\"container\" data-e-type=\"container\">\n\t\t\t\t<div class=\"elementor-element elementor-element-ce9e358 elementor-widget__width-initial elementor-widget elementor-widget-text-editor\" data-id=\"ce9e358\" data-element_type=\"widget\" data-e-type=\"widget\" data-widget_type=\"text-editor.default\">\n\t\t\t\t<div class=\"elementor-widget-container\">\n\t\t\t\t\t\t\t\t\t<p>Mitarbeitende unserer <a href=\"https:\/\/www.capacity.swiss\/de\/als-unternehmen-unterstuetzen\/\" target=\"_blank\" rel=\"noopener\">Unternehmenspartner<\/a><br \/>unterst\u00fctzen unsere <a href=\"https:\/\/www.capacity.swiss\/hochqualifizierte-stellensuchende_de\/\" target=\"_blank\" rel=\"noopener\">Access Fast Track<\/a>-Teilnehmer:innen<br \/>als Talent Coach in Einzelcoachings oder als Network Ally in informellen Gespr\u00e4chen.<\/p><p>Falls du an unserem Corporate Volunteering-Programm teilnehmen m\u00f6chtest, setze dich bitte mit deinem Arbeitgeber in Verbindung, um die M\u00f6glichkeit einer Partnerschaft zu pr\u00fcfen. <span style=\"font-weight: 400;\">Volunteer-M\u00f6glichkeiten f\u00fcr unser Pilot-Programm <a href=\"https:\/\/www.capacity.swiss\/de\/migrantinnen-auf-weg-in-selbststaendigkeit\/\">LEAP &#8211; Schritt in die Selbstst\u00e4ndigkeit<\/a> sind bereits vergeben. Bei erfolgreicher Durchf\u00fchrung des Pilots, geben wir an dieser Stelle offene Volunteer-M\u00f6glichkeiten bekannt.<\/span><\/p>\t\t\t\t\t\t\t\t<\/div>\n\t\t\t\t<\/div>\n\t\t\t\t<\/div>\n\t\t\t\t\t<\/div>\n\t\t\t\t<\/div>\n\t\t\t\t<\/div>\n\t\t","protected":false},"excerpt":{"rendered":"<p>Jetzt dein Interesse anmelden Bringe dein Talent und deine Erfahrung ehrenamtlich f\u00fcr unsere Community ein Wir sind ein kleines Team ohne Hierarchien, das immer wieder helfende H\u00e4nde und mitdenkende K\u00f6pfe&#8230;<\/p>\n","protected":false},"author":8,"featured_media":0,"parent":0,"menu_order":26,"comment_status":"closed","ping_status":"closed","template":"elementor_header_footer","meta":{"inline_featured_image":false,"footnotes":""},"class_list":["post-16555","page","type-page","status-publish"],"yoast_head":"<!-- This site is optimized with the Yoast SEO plugin v27.5 - https:\/\/yoast.com\/product\/yoast-seo-wordpress\/ -->\n<title>Als Volunteer helfen - Capacity<\/title>\n<meta name=\"robots\" content=\"index, follow, max-snippet:-1, max-image-preview:large, max-video-preview:-1\" \/>\n<link rel=\"canonical\" href=\"https:\/\/www.capacity.swiss\/de\/als-volunteer-helfen_de\/\" \/>\n<meta property=\"og:locale\" content=\"de_DE\" \/>\n<meta property=\"og:type\" content=\"article\" \/>\n<meta property=\"og:title\" content=\"Als Volunteer helfen - Capacity\" \/>\n<meta property=\"og:description\" content=\"Jetzt dein Interesse anmelden Bringe dein Talent und deine Erfahrung ehrenamtlich f\u00fcr unsere Community ein Wir sind ein kleines Team ohne Hierarchien, das immer wieder helfende H\u00e4nde und mitdenkende K\u00f6pfe...\" \/>\n<meta property=\"og:url\" content=\"https:\/\/www.capacity.swiss\/de\/als-volunteer-helfen_de\/\" \/>\n<meta property=\"og:site_name\" content=\"Capacity\" \/>\n<meta property=\"article:modified_time\" content=\"2025-12-16T09:05:05+00:00\" \/>\n<meta property=\"og:image\" content=\"https:\/\/www.capacity.swiss\/wp-content\/uploads\/2024\/03\/Capacity_Freiwillige_Danke.jpeg\" \/>\n\t<meta property=\"og:image:width\" content=\"1755\" \/>\n\t<meta property=\"og:image:height\" content=\"813\" \/>\n\t<meta property=\"og:image:type\" content=\"image\/jpeg\" \/>\n<meta name=\"twitter:card\" content=\"summary_large_image\" \/>\n<meta name=\"twitter:label1\" content=\"Gesch\u00e4tzte Lesezeit\" \/>\n\t<meta name=\"twitter:data1\" content=\"2\u00a0Minuten\" \/>\n<script type=\"application\/ld+json\" class=\"yoast-schema-graph\">{\"@context\":\"https:\\\/\\\/schema.org\",\"@graph\":[{\"@type\":\"WebPage\",\"@id\":\"https:\\\/\\\/www.capacity.swiss\\\/de\\\/als-volunteer-helfen_de\\\/\",\"url\":\"https:\\\/\\\/www.capacity.swiss\\\/de\\\/als-volunteer-helfen_de\\\/\",\"name\":\"Als Volunteer helfen - Capacity\",\"isPartOf\":{\"@id\":\"https:\\\/\\\/www.capacity.swiss\\\/de\\\/#website\"},\"primaryImageOfPage\":{\"@id\":\"https:\\\/\\\/www.capacity.swiss\\\/de\\\/als-volunteer-helfen_de\\\/#primaryimage\"},\"image\":{\"@id\":\"https:\\\/\\\/www.capacity.swiss\\\/de\\\/als-volunteer-helfen_de\\\/#primaryimage\"},\"thumbnailUrl\":\"https:\\\/\\\/www.capacity.swiss\\\/wp-content\\\/uploads\\\/2024\\\/03\\\/Capacity_Freiwillige_Danke-1024x474.jpeg\",\"datePublished\":\"2024-02-16T07:46:31+00:00\",\"dateModified\":\"2025-12-16T09:05:05+00:00\",\"breadcrumb\":{\"@id\":\"https:\\\/\\\/www.capacity.swiss\\\/de\\\/als-volunteer-helfen_de\\\/#breadcrumb\"},\"inLanguage\":\"de-CH\",\"potentialAction\":[{\"@type\":\"ReadAction\",\"target\":[\"https:\\\/\\\/www.capacity.swiss\\\/de\\\/als-volunteer-helfen_de\\\/\"]}]},{\"@type\":\"ImageObject\",\"inLanguage\":\"de-CH\",\"@id\":\"https:\\\/\\\/www.capacity.swiss\\\/de\\\/als-volunteer-helfen_de\\\/#primaryimage\",\"url\":\"https:\\\/\\\/www.capacity.swiss\\\/wp-content\\\/uploads\\\/2024\\\/03\\\/Capacity_Freiwillige_Danke-1024x474.jpeg\",\"contentUrl\":\"https:\\\/\\\/www.capacity.swiss\\\/wp-content\\\/uploads\\\/2024\\\/03\\\/Capacity_Freiwillige_Danke-1024x474.jpeg\"},{\"@type\":\"BreadcrumbList\",\"@id\":\"https:\\\/\\\/www.capacity.swiss\\\/de\\\/als-volunteer-helfen_de\\\/#breadcrumb\",\"itemListElement\":[{\"@type\":\"ListItem\",\"position\":1,\"name\":\"Home\",\"item\":\"https:\\\/\\\/www.capacity.swiss\\\/de\\\/\"},{\"@type\":\"ListItem\",\"position\":2,\"name\":\"Als Volunteer helfen\"}]},{\"@type\":\"WebSite\",\"@id\":\"https:\\\/\\\/www.capacity.swiss\\\/de\\\/#website\",\"url\":\"https:\\\/\\\/www.capacity.swiss\\\/de\\\/\",\"name\":\"Capacity\",\"description\":\"Fostering Refugee &amp; Migrant Talent\",\"publisher\":{\"@id\":\"https:\\\/\\\/www.capacity.swiss\\\/de\\\/#organization\"},\"potentialAction\":[{\"@type\":\"SearchAction\",\"target\":{\"@type\":\"EntryPoint\",\"urlTemplate\":\"https:\\\/\\\/www.capacity.swiss\\\/de\\\/?s={search_term_string}\"},\"query-input\":{\"@type\":\"PropertyValueSpecification\",\"valueRequired\":true,\"valueName\":\"search_term_string\"}}],\"inLanguage\":\"de-CH\"},{\"@type\":\"Organization\",\"@id\":\"https:\\\/\\\/www.capacity.swiss\\\/de\\\/#organization\",\"name\":\"Capacity\",\"url\":\"https:\\\/\\\/www.capacity.swiss\\\/de\\\/\",\"logo\":{\"@type\":\"ImageObject\",\"inLanguage\":\"de-CH\",\"@id\":\"https:\\\/\\\/www.capacity.swiss\\\/de\\\/#\\\/schema\\\/logo\\\/image\\\/\",\"url\":\"https:\\\/\\\/capacity.swiss\\\/wp-content\\\/uploads\\\/2023\\\/12\\\/2023-capacity-logo-long-new-Transparent-320-\u00d7-132-px.png\",\"contentUrl\":\"https:\\\/\\\/capacity.swiss\\\/wp-content\\\/uploads\\\/2023\\\/12\\\/2023-capacity-logo-long-new-Transparent-320-\u00d7-132-px.png\",\"width\":560,\"height\":231,\"caption\":\"Capacity\"},\"image\":{\"@id\":\"https:\\\/\\\/www.capacity.swiss\\\/de\\\/#\\\/schema\\\/logo\\\/image\\\/\"}}]}<\/script>\n<!-- \/ Yoast SEO plugin. -->","yoast_head_json":{"title":"Als Volunteer helfen - Capacity","robots":{"index":"index","follow":"follow","max-snippet":"max-snippet:-1","max-image-preview":"max-image-preview:large","max-video-preview":"max-video-preview:-1"},"canonical":"https:\/\/www.capacity.swiss\/de\/als-volunteer-helfen_de\/","og_locale":"de_DE","og_type":"article","og_title":"Als Volunteer helfen - Capacity","og_description":"Jetzt dein Interesse anmelden Bringe dein Talent und deine Erfahrung ehrenamtlich f\u00fcr unsere Community ein Wir sind ein kleines Team ohne Hierarchien, das immer wieder helfende H\u00e4nde und mitdenkende K\u00f6pfe...","og_url":"https:\/\/www.capacity.swiss\/de\/als-volunteer-helfen_de\/","og_site_name":"Capacity","article_modified_time":"2025-12-16T09:05:05+00:00","og_image":[{"width":1755,"height":813,"url":"https:\/\/www.capacity.swiss\/wp-content\/uploads\/2024\/03\/Capacity_Freiwillige_Danke.jpeg","type":"image\/jpeg"}],"twitter_card":"summary_large_image","twitter_misc":{"Gesch\u00e4tzte Lesezeit":"2\u00a0Minuten"},"schema":{"@context":"https:\/\/schema.org","@graph":[{"@type":"WebPage","@id":"https:\/\/www.capacity.swiss\/de\/als-volunteer-helfen_de\/","url":"https:\/\/www.capacity.swiss\/de\/als-volunteer-helfen_de\/","name":"Als Volunteer helfen - Capacity","isPartOf":{"@id":"https:\/\/www.capacity.swiss\/de\/#website"},"primaryImageOfPage":{"@id":"https:\/\/www.capacity.swiss\/de\/als-volunteer-helfen_de\/#primaryimage"},"image":{"@id":"https:\/\/www.capacity.swiss\/de\/als-volunteer-helfen_de\/#primaryimage"},"thumbnailUrl":"https:\/\/www.capacity.swiss\/wp-content\/uploads\/2024\/03\/Capacity_Freiwillige_Danke-1024x474.jpeg","datePublished":"2024-02-16T07:46:31+00:00","dateModified":"2025-12-16T09:05:05+00:00","breadcrumb":{"@id":"https:\/\/www.capacity.swiss\/de\/als-volunteer-helfen_de\/#breadcrumb"},"inLanguage":"de-CH","potentialAction":[{"@type":"ReadAction","target":["https:\/\/www.capacity.swiss\/de\/als-volunteer-helfen_de\/"]}]},{"@type":"ImageObject","inLanguage":"de-CH","@id":"https:\/\/www.capacity.swiss\/de\/als-volunteer-helfen_de\/#primaryimage","url":"https:\/\/www.capacity.swiss\/wp-content\/uploads\/2024\/03\/Capacity_Freiwillige_Danke-1024x474.jpeg","contentUrl":"https:\/\/www.capacity.swiss\/wp-content\/uploads\/2024\/03\/Capacity_Freiwillige_Danke-1024x474.jpeg"},{"@type":"BreadcrumbList","@id":"https:\/\/www.capacity.swiss\/de\/als-volunteer-helfen_de\/#breadcrumb","itemListElement":[{"@type":"ListItem","position":1,"name":"Home","item":"https:\/\/www.capacity.swiss\/de\/"},{"@type":"ListItem","position":2,"name":"Als Volunteer helfen"}]},{"@type":"WebSite","@id":"https:\/\/www.capacity.swiss\/de\/#website","url":"https:\/\/www.capacity.swiss\/de\/","name":"Capacity","description":"Fostering Refugee &amp; Migrant Talent","publisher":{"@id":"https:\/\/www.capacity.swiss\/de\/#organization"},"potentialAction":[{"@type":"SearchAction","target":{"@type":"EntryPoint","urlTemplate":"https:\/\/www.capacity.swiss\/de\/?s={search_term_string}"},"query-input":{"@type":"PropertyValueSpecification","valueRequired":true,"valueName":"search_term_string"}}],"inLanguage":"de-CH"},{"@type":"Organization","@id":"https:\/\/www.capacity.swiss\/de\/#organization","name":"Capacity","url":"https:\/\/www.capacity.swiss\/de\/","logo":{"@type":"ImageObject","inLanguage":"de-CH","@id":"https:\/\/www.capacity.swiss\/de\/#\/schema\/logo\/image\/","url":"https:\/\/capacity.swiss\/wp-content\/uploads\/2023\/12\/2023-capacity-logo-long-new-Transparent-320-\u00d7-132-px.png","contentUrl":"https:\/\/capacity.swiss\/wp-content\/uploads\/2023\/12\/2023-capacity-logo-long-new-Transparent-320-\u00d7-132-px.png","width":560,"height":231,"caption":"Capacity"},"image":{"@id":"https:\/\/www.capacity.swiss\/de\/#\/schema\/logo\/image\/"}}]}},"_links":{"self":[{"href":"https:\/\/www.capacity.swiss\/de\/wp-json\/wp\/v2\/pages\/16555","targetHints":{"allow":["GET"]}}],"collection":[{"href":"https:\/\/www.capacity.swiss\/de\/wp-json\/wp\/v2\/pages"}],"about":[{"href":"https:\/\/www.capacity.swiss\/de\/wp-json\/wp\/v2\/types\/page"}],"author":[{"embeddable":true,"href":"https:\/\/www.capacity.swiss\/de\/wp-json\/wp\/v2\/users\/8"}],"replies":[{"embeddable":true,"href":"https:\/\/www.capacity.swiss\/de\/wp-json\/wp\/v2\/comments?post=16555"}],"version-history":[{"count":20,"href":"https:\/\/www.capacity.swiss\/de\/wp-json\/wp\/v2\/pages\/16555\/revisions"}],"predecessor-version":[{"id":25416,"href":"https:\/\/www.capacity.swiss\/de\/wp-json\/wp\/v2\/pages\/16555\/revisions\/25416"}],"wp:attachment":[{"href":"https:\/\/www.capacity.swiss\/de\/wp-json\/wp\/v2\/media?parent=16555"}],"curies":[{"name":"wp","href":"https:\/\/api.w.org\/{rel}","templated":true}]}}